{"id":1141,"date":"2022-07-22T10:08:56","date_gmt":"2022-07-22T10:08:56","guid":{"rendered":"https:\/\/www.torobet.es\/?page_id=1141"},"modified":"2022-07-27T17:57:29","modified_gmt":"2022-07-27T17:57:29","slug":"avisos-legales","status":"publish","type":"page","link":"https:\/\/www.torobet.es\/index.php\/avisos-legales\/","title":{"rendered":"Avisos legales"},"content":{"rendered":"\t\t<div data-elementor-type=\"wp-page\" data-elementor-id=\"1141\" class=\"elementor elementor-1141\" data-elementor-post-type=\"page\">\n\t\t\t\t\t\t<section class=\"elementor-section elementor-top-section elementor-element elementor-element-f90e346 elementor-section-boxed elementor-section-height-default elementor-section-height-default\" data-id=\"f90e346\" data-element_type=\"section\" data-e-type=\"section\">\n\t\t\t\t\t\t<div class=\"elementor-container elementor-column-gap-default\">\n\t\t\t\t\t<div class=\"elementor-column elementor-col-100 elementor-top-column elementor-element elementor-element-7545038\" data-id=\"7545038\" data-element_type=\"column\" data-e-type=\"column\">\n\t\t\t<div class=\"elementor-widget-wrap elementor-element-populated\">\n\t\t\t\t\t\t<div class=\"elementor-element elementor-element-26dd5d1 elementor-widget elementor-widget-heading\" data-id=\"26dd5d1\" data-element_type=\"widget\" data-e-type=\"widget\" data-widget_type=\"heading.default\">\n\t\t\t\t<div class=\"elementor-widget-container\">\n\t\t\t\t\t<h2 class=\"elementor-heading-title elementor-size-default\">Avisos legales<\/h2>\t\t\t\t<\/div>\n\t\t\t\t<\/div>\n\t\t\t\t\t<\/div>\n\t\t<\/div>\n\t\t\t\t\t<\/div>\n\t\t<\/section>\n\t\t\t\t<section class=\"elementor-section elementor-top-section elementor-element elementor-element-e3aeb59 elementor-section-boxed elementor-section-height-default elementor-section-height-default\" data-id=\"e3aeb59\" data-element_type=\"section\" data-e-type=\"section\">\n\t\t\t\t\t\t<div class=\"elementor-container elementor-column-gap-default\">\n\t\t\t\t\t<div class=\"elementor-column elementor-col-100 elementor-top-column elementor-element elementor-element-300bb3a\" data-id=\"300bb3a\" data-element_type=\"column\" data-e-type=\"column\">\n\t\t\t<div class=\"elementor-widget-wrap elementor-element-populated\">\n\t\t\t\t\t\t<div class=\"elementor-element elementor-element-e3803c2 elementor-widget elementor-widget-text-editor\" data-id=\"e3803c2\" data-element_type=\"widget\" data-e-type=\"widget\" data-widget_type=\"text-editor.default\">\n\t\t\t\t<div class=\"elementor-widget-container\">\n\t\t\t\t\t\t\t\t\t<p><strong>1.- Informaci\u00f3n legal y aceptaci\u00f3n\u00a0<\/strong><\/p><p>En cumplimiento del art\u00edculo\u00a0<strong>10 de la Ley 34\/2002<\/strong>, de 11 de julio, de Servicios de la Sociedad de la Informaci\u00f3n y Comercio Electr\u00f3nico, a continuaci\u00f3n se exponen los datos identificativos de la empresa. El presente portal de internet se pone al servicio de los usuarios por la entidad, cuyos datos identificativos son:<\/p><div><figure><table><tbody><tr><td><strong>Denominaci\u00f3n Social:<\/strong><\/td><td>Fabi\u00e1n Crespillo Pareja<\/td><\/tr><tr><td><strong>Domicilio Social:\u00a0<\/strong><\/td><td>Calle Pizarro, 36 CP 29700 V\u00e9lez M\u00e1laga<\/td><\/tr><tr><td><strong>Tel\u00e9fono<\/strong><\/td><td>651644257<\/td><\/tr><tr><td><strong>Email:<\/strong><\/td><td><span style=\"font-style: inherit; font-weight: inherit;\">info@torobet.es<\/span><\/td><\/tr><\/tbody><\/table><\/figure><\/div><p>El acceso a la p\u00e1gina web es gratuito salvo en lo relativo al coste de la conexi\u00f3n a trav\u00e9s de la red de telecomunicaciones suministrada por el proveedor de acceso contratado por los usuarios. Determinados servicios son exclusivos para nuestros clientes y su acceso se encuentra restringido.<\/p><p>La utilizaci\u00f3n del Portal atribuye la condici\u00f3n de usuario del Portal (en adelante, el \u2018Usuario\u2019) e implica la aceptaci\u00f3n de todas las condiciones incluidas en este Aviso Legal. La prestaci\u00f3n del servicio del Portal tiene una duraci\u00f3n limitada al momento en el que el Usuario se encuentre conectado al Portal o a alguno de los servicios que a trav\u00e9s del mismo se facilitan. Por tanto, el Usuario debe leer atentamente el presente Aviso Legal en cada una de las ocasiones en que se proponga utilizar el Portal, ya que <span style=\"font-weight: bold;\">torobet.es<\/span><strong>\u00a0<\/strong><strong>\u00a0<\/strong>se reserva el derecho de efectuar sin previo aviso las modificaciones que considere oportunas en su web, pudiendo cambiar, suprimir o a\u00f1adir tanto los contenidos y servicios que se presten a trav\u00e9s de la misma como la forma en la que \u00e9stos aparezcan presentados.<\/p><p>Por otro lado, el aviso legal podr\u00e1 cambiar en cualquier momento. Las modificaciones entrar\u00e1n en vigor desde el momento de su publicaci\u00f3n.<\/p><p>Algunos servicios del Portal accesibles para los usuarios de Internet o exclusivos para los usuarios de <span style=\"font-weight: bold;\">torobet.es<\/span>, pueden estar sometidos a condiciones particulares, reglamentos e instrucciones que, en su caso, sustituyen, completan y\/o modifican el presente Aviso Legal y que deber\u00e1n ser aceptadas por el Usuario antes de iniciarse la prestaci\u00f3n del servicio correspondiente.<\/p><p><strong>2.- Propiedad intelectual e industrial<\/strong><\/p><p>Todos los contenidos del Portal, entendiendo por estos a t\u00edtulo meramente enunciativo los textos, fotograf\u00edas, gr\u00e1ficos, im\u00e1genes, iconos, tecnolog\u00eda, software, links y dem\u00e1s contenidos audiovisuales o sonoros, as\u00ed como su dise\u00f1o gr\u00e1fico y c\u00f3digos fuente (en adelante, los \u2018Contenidos\u2019), son propiedad intelectual de\u00a0<span style=\"font-weight: bold;\">torobet.es<\/span><strong>\u00a0\u00a0<\/strong>o de terceros, sin que puedan entenderse cedidos al Usuario ninguno de los derechos de explotaci\u00f3n reconocidos por la normativa vigente en materia de propiedad intelectual sobre los mismos, salvo aquellos que resulten estrictamente necesario para el uso del Portal.<\/p><p>Las marcas, nombres comerciales o signos distintivos son titularidad de <span style=\"font-weight: bold;\">torobet.es<\/span><strong>\u00a0<\/strong><strong>\u00a0\u00a0<\/strong>o terceros, sin que pueda entenderse que el acceso al Portal atribuya ning\u00fan derecho sobre las citadas marcas, nombres comerciales y\/o signos distintivos.<\/p><p>Est\u00e1 prohibida la utilizaci\u00f3n de cualquier marca denominativa, gr\u00e1fica o mixta o cualquier otro signo distintivo de <span style=\"font-weight: bold;\">torobet.es<\/span><strong>\u00a0<\/strong><strong>\u00a0\u00a0<\/strong>dentro de la p\u00e1gina del remitente salvo en los casos permitidos por la ley o expresamente autorizados por <span style=\"font-weight: bold;\">torobet.es<\/span><strong>\u00a0<\/strong><strong>\u00a0\u00a0<\/strong>y siempre que se permita, en estos casos, un enlace directo con el Portal en la forma establecida en esta cl\u00e1usula.<\/p><p><strong>3.- Condiciones de uso del portal<\/strong><\/p><p>El Usuario se obliga a hacer un uso correcto del Portal de conformidad con la Ley y el presente Aviso Legal, as\u00ed como con las dem\u00e1s condiciones, reglamentos e instrucciones que en su caso pudieran ser de aplicaci\u00f3n de conformidad con lo dispuesto en la cl\u00e1usula 1. El Usuario responder\u00e1 frente a <span style=\"font-weight: bold;\">torobet.es<\/span><strong>\u00a0<\/strong><strong>\u00a0\u00a0<\/strong>o frente a terceros, de cualesquiera da\u00f1os y perjuicios que pudieran causarse como consecuencia del incumplimiento de dicha obligaci\u00f3n.<\/p><p>Queda expresamente prohibido el uso del Portal con fines lesivos de bienes o intereses de <span style=\"font-weight: bold;\">torobet.es<\/span><strong>\u00a0<\/strong><strong>\u00a0<\/strong> o de terceros o que de cualquier otra forma sobrecarguen, da\u00f1en o inutilicen las redes, servidores y dem\u00e1s equipos inform\u00e1ticos (hardware) o productos y aplicaciones inform\u00e1ticas (software) de <span style=\"font-weight: bold;\">torobet.es<\/span><strong>\u00a0<\/strong><strong>\u00a0\u00a0<\/strong>o de terceros.<\/p><p>En ning\u00fan caso, se expresar\u00e1 en la p\u00e1gina donde se ubique el enlace que <span style=\"font-weight: bold;\">torobet.es<\/span><strong>\u00a0<\/strong><strong>\u00a0<\/strong>\u00a0ha prestado su consentimiento para la inserci\u00f3n del enlace o que de otra forma patrocina, colabora, verifica o supervisa los servicios del remitente.<\/p><p><strong>4.- Exclusi\u00f3n de responsabilidad<\/strong><\/p><p>Hasta donde la ley lo permita, <span style=\"font-weight: bold;\">torobet.es<\/span><strong>\u00a0<\/strong><strong>\u00a0<\/strong>, no se hace responsable de:\u00a0<strong><br \/>a)<\/strong>\u00a0los errores u omisiones en los contenidos;\u00a0<strong><br \/>b)<\/strong>\u00a0la falta de disponibilidad de la web o;\u00a0<strong><br \/>c)<\/strong>\u00a0la transmisi\u00f3n de programas maliciosos en los contenidos, a pesar de haber adoptado todas las medidas tecnol\u00f3gicas necesarias para evitarlo.<\/p><p><strong>5.- Protecci\u00f3n de datos personales<\/strong><\/p><p>Consulta nuestra\u00a0<strong>Pol\u00edtica de Privacidad<\/strong>\u00a0para conocer el uso que hacemos de tus datos personales.<\/p><p><strong>6.- Cookies<\/strong><\/p><p>Consulta nuestra Pol\u00edtica de Cookies para conocer el uso que hacemos de ellas.<\/p><p><strong>7.- Comunicaci\u00f3n de actividades de car\u00e1cter il\u00edcito e inadecuado\u00a0<\/strong><\/p><p>En el caso de que el Usuario o cualquier otro usuario de Internet tuvieran conocimiento de que los Sitios Enlazados remiten a p\u00e1ginas cuyos contenidos o servicios son il\u00edcitos, nocivos, denigrantes, violentos o contrarios a la moral podr\u00e1 ponerse en contacto con <span style=\"font-weight: bold;\">torobet.es<\/span><strong>\u00a0<\/strong><strong>\u00a0\u00a0<\/strong>indicando los siguientes extremos:<\/p><ul><li>Datos personales del comunicante: nombre, direcci\u00f3n, n\u00famero de tel\u00e9fono y direcci\u00f3n de correo electr\u00f3nico;<\/li><li>Descripci\u00f3n de los hechos que revelan el car\u00e1cter il\u00edcito o inadecuado del Sitio Enlazado;<\/li><li>En el supuesto de violaci\u00f3n de derechos, tales como propiedad intelectual e industrial, los datos personales del titular del derecho infringido cuando sea persona distinta del comunicante. Asimismo deber\u00e1 aportar el t\u00edtulo que acredite la legitimaci\u00f3n del titular de los derechos y, en su caso, el de representaci\u00f3n para actuar por cuenta del titular cuando sea persona distinta del comunicante;<\/li><li>Declaraci\u00f3n expresa de que la informaci\u00f3n contenida en la reclamaci\u00f3n es exacta.<\/li><li>Deber\u00e1 aportar el t\u00edtulo que acredite la legitimaci\u00f3n del titular de los derechos y, en su caso, el de representaci\u00f3n para actuar por cuenta del titular cuando sea persona distinta del comunicante<\/li><\/ul><p>La recepci\u00f3n por parte de <span style=\"font-weight: bold;\">torobet.es<\/span><strong>\u00a0<\/strong><b>\u00a0<\/b>\u00a0de la comunicaci\u00f3n prevista en esta cl\u00e1usula no supondr\u00e1, seg\u00fan lo dispuesto en la LSSI, el conocimiento efectivo de las actividades y\/o contenidos indicados por el comunicante<\/p><p><strong>8.- Legislaci\u00f3n y fuero<\/strong>\u00a0El presente Aviso Legal se rige en todos y cada uno de sus extremos por la ley espa\u00f1ola. Siempre y cuando la Ley aplicable permita la renuncia al fuero legal establecido,\u00a0se designa como fuero para dirimir posibles disputas, los Juzgados y Tribunales de M\u00e1laga.xx<\/p>\t\t\t\t\t\t\t\t<\/div>\n\t\t\t\t<\/div>\n\t\t\t\t\t<\/div>\n\t\t<\/div>\n\t\t\t\t\t<\/div>\n\t\t<\/section>\n\t\t\t\t<\/div>\n\t\t","protected":false},"excerpt":{"rendered":"<p>1.- Informaci\u00f3n legal y aceptaci\u00f3n\u00a0 En cumplimiento del art\u00edculo\u00a010 de la Ley 34\/2002, de 11 de julio, de Servicios de la Sociedad de la Informaci\u00f3n y Comercio Electr\u00f3nico, a continuaci\u00f3n se exponen los datos identificativos de la empresa. El presente portal de internet se pone al servicio de los usuarios por la entidad, cuyos datos [&hellip;]<\/p>\n","protected":false},"author":1,"featured_media":0,"parent":0,"menu_order":0,"comment_status":"closed","ping_status":"closed","template":"","meta":{"_exactmetrics_skip_tracking":false,"_exactmetrics_sitenote_active":false,"_exactmetrics_sitenote_note":"","_exactmetrics_sitenote_category":0,"site-sidebar-layout":"no-sidebar","site-content-layout":"boxed-container","ast-site-content-layout":"default","site-content-style":"default","site-sidebar-style":"default","ast-global-header-display":"","ast-banner-title-visibility":"","ast-main-header-display":"","ast-hfb-above-header-display":"","ast-hfb-below-header-display":"","ast-hfb-mobile-header-display":"","site-post-title":"disabled","ast-breadcrumbs-content":"","ast-featured-img":"disabled","footer-sml-layout":"","ast-disable-related-posts":"","theme-transparent-header-meta":"","adv-header-id-meta":"","stick-header-meta":"","header-above-stick-meta":"","header-main-stick-meta":"","header-below-stick-meta":"","astra-migrate-meta-layouts":"default","ast-page-background-enabled":"default","ast-page-background-meta":{"desktop":{"background-color":"","background-image":"","background-repeat":"repeat","background-position":"center center","background-size":"auto","background-attachment":"scroll","background-type":"","background-media":"","overlay-type":"","overlay-color":"","overlay-opacity":"","overlay-gradient":""},"tablet":{"background-color":"","background-image":"","background-repeat":"repeat","background-position":"center center","background-size":"auto","background-attachment":"scroll","background-type":"","background-media":"","overlay-type":"","overlay-color":"","overlay-opacity":"","overlay-gradient":""},"mobile":{"background-color":"","background-image":"","background-repeat":"repeat","background-position":"center center","background-size":"auto","background-attachment":"scroll","background-type":"","background-media":"","overlay-type":"","overlay-color":"","overlay-opacity":"","overlay-gradient":""}},"ast-content-background-meta":{"desktop":{"background-color":"var(--ast-global-color-5)","background-image":"","background-repeat":"repeat","background-position":"center center","background-size":"auto","background-attachment":"scroll","background-type":"","background-media":"","overlay-type":"","overlay-color":"","overlay-opacity":"","overlay-gradient":""},"tablet":{"background-color":"var(--ast-global-color-5)","background-image":"","background-repeat":"repeat","background-position":"center center","background-size":"auto","background-attachment":"scroll","background-type":"","background-media":"","overlay-type":"","overlay-color":"","overlay-opacity":"","overlay-gradient":""},"mobile":{"background-color":"var(--ast-global-color-5)","background-image":"","background-repeat":"repeat","background-position":"center center","background-size":"auto","background-attachment":"scroll","background-type":"","background-media":"","overlay-type":"","overlay-color":"","overlay-opacity":"","overlay-gradient":""}},"footnotes":""},"class_list":["post-1141","page","type-page","status-publish","hentry"],"yoast_head":"<!-- This site is optimized with the Yoast SEO plugin v27.2 - https:\/\/yoast.com\/product\/yoast-seo-wordpress\/ -->\n<title>Avisos legales - Torobet<\/title>\n<meta name=\"robots\" content=\"index, follow, max-snippet:-1, max-image-preview:large, max-video-preview:-1\" \/>\n<link rel=\"canonical\" href=\"https:\/\/www.torobet.es\/index.php\/avisos-legales\/\" \/>\n<meta property=\"og:locale\" content=\"es_ES\" \/>\n<meta property=\"og:type\" content=\"article\" \/>\n<meta property=\"og:title\" content=\"Avisos legales - Torobet\" \/>\n<meta property=\"og:description\" content=\"1.- Informaci\u00f3n legal y aceptaci\u00f3n\u00a0 En cumplimiento del art\u00edculo\u00a010 de la Ley 34\/2002, de 11 de julio, de Servicios de la Sociedad de la Informaci\u00f3n y Comercio Electr\u00f3nico, a continuaci\u00f3n se exponen los datos identificativos de la empresa. El presente portal de internet se pone al servicio de los usuarios por la entidad, cuyos datos [&hellip;]\" \/>\n<meta property=\"og:url\" content=\"https:\/\/www.torobet.es\/index.php\/avisos-legales\/\" \/>\n<meta property=\"og:site_name\" content=\"Torobet\" \/>\n<meta property=\"article:publisher\" content=\"https:\/\/www.facebook.com\/profile.php?id=100057502507153\" \/>\n<meta property=\"article:modified_time\" content=\"2022-07-27T17:57:29+00:00\" \/>\n<meta property=\"og:image\" content=\"https:\/\/www.torobet.es\/wp-content\/uploads\/2022\/07\/LOGO-TOROBET.webp\" \/>\n\t<meta property=\"og:image:width\" content=\"182\" \/>\n\t<meta property=\"og:image:height\" content=\"182\" \/>\n\t<meta property=\"og:image:type\" content=\"image\/webp\" \/>\n<meta name=\"twitter:card\" content=\"summary_large_image\" \/>\n<meta name=\"twitter:label1\" content=\"Tiempo de lectura\" \/>\n\t<meta name=\"twitter:data1\" content=\"5 minutos\" \/>\n<script type=\"application\/ld+json\" class=\"yoast-schema-graph\">{\"@context\":\"https:\/\/schema.org\",\"@graph\":[{\"@type\":\"WebPage\",\"@id\":\"https:\/\/www.torobet.es\/index.php\/avisos-legales\/\",\"url\":\"https:\/\/www.torobet.es\/index.php\/avisos-legales\/\",\"name\":\"Avisos legales - Torobet\",\"isPartOf\":{\"@id\":\"https:\/\/www.torobet.es\/#website\"},\"datePublished\":\"2022-07-22T10:08:56+00:00\",\"dateModified\":\"2022-07-27T17:57:29+00:00\",\"breadcrumb\":{\"@id\":\"https:\/\/www.torobet.es\/index.php\/avisos-legales\/#breadcrumb\"},\"inLanguage\":\"es\",\"potentialAction\":[{\"@type\":\"ReadAction\",\"target\":[\"https:\/\/www.torobet.es\/index.php\/avisos-legales\/\"]}]},{\"@type\":\"BreadcrumbList\",\"@id\":\"https:\/\/www.torobet.es\/index.php\/avisos-legales\/#breadcrumb\",\"itemListElement\":[{\"@type\":\"ListItem\",\"position\":1,\"name\":\"Portada\",\"item\":\"https:\/\/www.torobet.es\/\"},{\"@type\":\"ListItem\",\"position\":2,\"name\":\"Avisos legales\"}]},{\"@type\":\"WebSite\",\"@id\":\"https:\/\/www.torobet.es\/#website\",\"url\":\"https:\/\/www.torobet.es\/\",\"name\":\"Torobet\",\"description\":\"El \u00daNICO camino para GANAR a las casas de apuestas deportivas es convertirse en un PROFESIONAL.\",\"publisher\":{\"@id\":\"https:\/\/www.torobet.es\/#organization\"},\"potentialAction\":[{\"@type\":\"SearchAction\",\"target\":{\"@type\":\"EntryPoint\",\"urlTemplate\":\"https:\/\/www.torobet.es\/?s={search_term_string}\"},\"query-input\":{\"@type\":\"PropertyValueSpecification\",\"valueRequired\":true,\"valueName\":\"search_term_string\"}}],\"inLanguage\":\"es\"},{\"@type\":\"Organization\",\"@id\":\"https:\/\/www.torobet.es\/#organization\",\"name\":\"Torobet\",\"url\":\"https:\/\/www.torobet.es\/\",\"logo\":{\"@type\":\"ImageObject\",\"inLanguage\":\"es\",\"@id\":\"https:\/\/www.torobet.es\/#\/schema\/logo\/image\/\",\"url\":\"https:\/\/www.torobet.es\/wp-content\/uploads\/2022\/07\/LOGO-TOROBET.webp\",\"contentUrl\":\"https:\/\/www.torobet.es\/wp-content\/uploads\/2022\/07\/LOGO-TOROBET.webp\",\"width\":182,\"height\":182,\"caption\":\"Torobet\"},\"image\":{\"@id\":\"https:\/\/www.torobet.es\/#\/schema\/logo\/image\/\"},\"sameAs\":[\"https:\/\/www.facebook.com\/profile.php?id=100057502507153\",\"https:\/\/www.instagram.com\/comountorobet\/?igshid=YmMyMTA2M2Y\",\"https:\/\/www.youtube.com\/c\/TOROBET\"]}]}<\/script>\n<!-- \/ Yoast SEO plugin. -->","yoast_head_json":{"title":"Avisos legales - Torobet","robots":{"index":"index","follow":"follow","max-snippet":"max-snippet:-1","max-image-preview":"max-image-preview:large","max-video-preview":"max-video-preview:-1"},"canonical":"https:\/\/www.torobet.es\/index.php\/avisos-legales\/","og_locale":"es_ES","og_type":"article","og_title":"Avisos legales - Torobet","og_description":"1.- Informaci\u00f3n legal y aceptaci\u00f3n\u00a0 En cumplimiento del art\u00edculo\u00a010 de la Ley 34\/2002, de 11 de julio, de Servicios de la Sociedad de la Informaci\u00f3n y Comercio Electr\u00f3nico, a continuaci\u00f3n se exponen los datos identificativos de la empresa. El presente portal de internet se pone al servicio de los usuarios por la entidad, cuyos datos [&hellip;]","og_url":"https:\/\/www.torobet.es\/index.php\/avisos-legales\/","og_site_name":"Torobet","article_publisher":"https:\/\/www.facebook.com\/profile.php?id=100057502507153","article_modified_time":"2022-07-27T17:57:29+00:00","og_image":[{"width":182,"height":182,"url":"https:\/\/www.torobet.es\/wp-content\/uploads\/2022\/07\/LOGO-TOROBET.webp","type":"image\/webp"}],"twitter_card":"summary_large_image","twitter_misc":{"Tiempo de lectura":"5 minutos"},"schema":{"@context":"https:\/\/schema.org","@graph":[{"@type":"WebPage","@id":"https:\/\/www.torobet.es\/index.php\/avisos-legales\/","url":"https:\/\/www.torobet.es\/index.php\/avisos-legales\/","name":"Avisos legales - Torobet","isPartOf":{"@id":"https:\/\/www.torobet.es\/#website"},"datePublished":"2022-07-22T10:08:56+00:00","dateModified":"2022-07-27T17:57:29+00:00","breadcrumb":{"@id":"https:\/\/www.torobet.es\/index.php\/avisos-legales\/#breadcrumb"},"inLanguage":"es","potentialAction":[{"@type":"ReadAction","target":["https:\/\/www.torobet.es\/index.php\/avisos-legales\/"]}]},{"@type":"BreadcrumbList","@id":"https:\/\/www.torobet.es\/index.php\/avisos-legales\/#breadcrumb","itemListElement":[{"@type":"ListItem","position":1,"name":"Portada","item":"https:\/\/www.torobet.es\/"},{"@type":"ListItem","position":2,"name":"Avisos legales"}]},{"@type":"WebSite","@id":"https:\/\/www.torobet.es\/#website","url":"https:\/\/www.torobet.es\/","name":"Torobet","description":"El \u00daNICO camino para GANAR a las casas de apuestas deportivas es convertirse en un PROFESIONAL.","publisher":{"@id":"https:\/\/www.torobet.es\/#organization"},"potentialAction":[{"@type":"SearchAction","target":{"@type":"EntryPoint","urlTemplate":"https:\/\/www.torobet.es\/?s={search_term_string}"},"query-input":{"@type":"PropertyValueSpecification","valueRequired":true,"valueName":"search_term_string"}}],"inLanguage":"es"},{"@type":"Organization","@id":"https:\/\/www.torobet.es\/#organization","name":"Torobet","url":"https:\/\/www.torobet.es\/","logo":{"@type":"ImageObject","inLanguage":"es","@id":"https:\/\/www.torobet.es\/#\/schema\/logo\/image\/","url":"https:\/\/www.torobet.es\/wp-content\/uploads\/2022\/07\/LOGO-TOROBET.webp","contentUrl":"https:\/\/www.torobet.es\/wp-content\/uploads\/2022\/07\/LOGO-TOROBET.webp","width":182,"height":182,"caption":"Torobet"},"image":{"@id":"https:\/\/www.torobet.es\/#\/schema\/logo\/image\/"},"sameAs":["https:\/\/www.facebook.com\/profile.php?id=100057502507153","https:\/\/www.instagram.com\/comountorobet\/?igshid=YmMyMTA2M2Y","https:\/\/www.youtube.com\/c\/TOROBET"]}]}},"_links":{"self":[{"href":"https:\/\/www.torobet.es\/index.php\/wp-json\/wp\/v2\/pages\/1141","targetHints":{"allow":["GET"]}}],"collection":[{"href":"https:\/\/www.torobet.es\/index.php\/wp-json\/wp\/v2\/pages"}],"about":[{"href":"https:\/\/www.torobet.es\/index.php\/wp-json\/wp\/v2\/types\/page"}],"author":[{"embeddable":true,"href":"https:\/\/www.torobet.es\/index.php\/wp-json\/wp\/v2\/users\/1"}],"replies":[{"embeddable":true,"href":"https:\/\/www.torobet.es\/index.php\/wp-json\/wp\/v2\/comments?post=1141"}],"version-history":[{"count":49,"href":"https:\/\/www.torobet.es\/index.php\/wp-json\/wp\/v2\/pages\/1141\/revisions"}],"predecessor-version":[{"id":1788,"href":"https:\/\/www.torobet.es\/index.php\/wp-json\/wp\/v2\/pages\/1141\/revisions\/1788"}],"wp:attachment":[{"href":"https:\/\/www.torobet.es\/index.php\/wp-json\/wp\/v2\/media?parent=1141"}],"curies":[{"name":"wp","href":"https:\/\/api.w.org\/{rel}","templated":true}]}}