{"id":1136,"date":"2022-07-22T10:04:05","date_gmt":"2022-07-22T10:04:05","guid":{"rendered":"https:\/\/www.torobet.es\/?page_id=1136"},"modified":"2022-07-27T12:22:19","modified_gmt":"2022-07-27T12:22:19","slug":"terminos-y-condiciones","status":"publish","type":"page","link":"https:\/\/www.torobet.es\/index.php\/terminos-y-condiciones\/","title":{"rendered":"Pol\u00edtica de privacidad"},"content":{"rendered":"\t\t<div data-elementor-type=\"wp-page\" data-elementor-id=\"1136\" class=\"elementor elementor-1136\" data-elementor-post-type=\"page\">\n\t\t\t\t\t\t<section class=\"elementor-section elementor-top-section elementor-element elementor-element-db9fd19 elementor-section-boxed elementor-section-height-default elementor-section-height-default\" data-id=\"db9fd19\" data-element_type=\"section\" data-e-type=\"section\">\n\t\t\t\t\t\t<div class=\"elementor-container elementor-column-gap-default\">\n\t\t\t\t\t<div class=\"elementor-column elementor-col-100 elementor-top-column elementor-element elementor-element-06f6d80\" data-id=\"06f6d80\" data-element_type=\"column\" data-e-type=\"column\">\n\t\t\t<div class=\"elementor-widget-wrap elementor-element-populated\">\n\t\t\t\t\t\t<div class=\"elementor-element elementor-element-fcb63f7 elementor-widget elementor-widget-heading\" data-id=\"fcb63f7\" data-element_type=\"widget\" data-e-type=\"widget\" data-widget_type=\"heading.default\">\n\t\t\t\t<div class=\"elementor-widget-container\">\n\t\t\t\t\t<h2 class=\"elementor-heading-title elementor-size-default\">Pol\u00edtica de privacidad<\/h2>\t\t\t\t<\/div>\n\t\t\t\t<\/div>\n\t\t\t\t\t<\/div>\n\t\t<\/div>\n\t\t\t\t\t<\/div>\n\t\t<\/section>\n\t\t\t\t<section class=\"elementor-section elementor-top-section elementor-element elementor-element-c46e796 elementor-section-boxed elementor-section-height-default elementor-section-height-default\" data-id=\"c46e796\" data-element_type=\"section\" data-e-type=\"section\">\n\t\t\t\t\t\t<div class=\"elementor-container elementor-column-gap-default\">\n\t\t\t\t\t<div class=\"elementor-column elementor-col-100 elementor-top-column elementor-element elementor-element-ba60cbe\" data-id=\"ba60cbe\" data-element_type=\"column\" data-e-type=\"column\">\n\t\t\t<div class=\"elementor-widget-wrap elementor-element-populated\">\n\t\t\t\t\t\t<div class=\"elementor-element elementor-element-c53099e elementor-widget elementor-widget-text-editor\" data-id=\"c53099e\" data-element_type=\"widget\" data-e-type=\"widget\" data-widget_type=\"text-editor.default\">\n\t\t\t\t<div class=\"elementor-widget-container\">\n\t\t\t\t\t\t\t\t\t<p>Este texto legal te da detalles de c\u00f3mo recopilamos y procesamos tus datos personales a trav\u00e9s del uso de nuestro sitio web\u00a0<a href=\"https:\/\/www.torobetes.es\/\">https:\/\/www.torobetes.es\/<\/a>, incluyendo cualquier informaci\u00f3n que puedas proporcionarnos a trav\u00e9s del sitio cuando realizas la contrataci\u00f3n de un servicio, te registras a nuestro bolet\u00edn informativo o proporcionas tus datos de contacto a trav\u00e9s del formulario habilitado para tal fin.<\/p><p>Al proporcionarnos los datos, nos garantizas que tienes m\u00e1s de 18 a\u00f1os<strong>.<\/strong><\/p><p><strong>1.- Responsable del tratamiento.<\/strong><\/p><p class=\"has-black-color has-text-color\">Datos de contacto del responsable: <span style=\"text-decoration: underline;\">Fabi\u00e1n Crespillo Pareja<\/span><em><span style=\"text-decoration: underline;\">,\u00a0 con domicilio en Calle Pizarro, 36 CP 29700 V\u00e9lez M\u00e1laga (M\u00e1laga) y correo electr\u00f3nico \u00a0info@torobet.es<\/span><\/em><\/p><p><strong>2.- \u00bfQu\u00e9 datos recopilamos?<\/strong><\/p><p>Seg\u00fan el Reglamento General de Protecci\u00f3n de Datos 679\/2016\/UE (RGPD), en su art\u00edculo 4, define\u00a0<strong>dato personal<\/strong>\u00a0como toda informaci\u00f3n sobre una persona f\u00edsica identificada o identificable (interesado), es decir toda la informaci\u00f3n capaz de identificar a una persona. Esto no incluye los datos an\u00f3nimos.<\/p><p>Podemos procesar ciertos tipos de datos personales, que podr\u00e1n incluir:<\/p><ul><li>Datos de identidad: nombre, apellidos.<\/li><li>Datos de contacto: email o direcci\u00f3n de facturaci\u00f3n.<\/li><li>Datos financieros: datos bancarios y otros detalles de compras realizadas<\/li><li>Datos t\u00e9cnicos: datos de inicio de sesi\u00f3n, direcciones de protocolo de Internet, tipo y versi\u00f3n de navegador, configuraci\u00f3n y ubicaci\u00f3n de la zona horaria, sistema operativo, tipos y versiones de plug-in de navegador, y cualquier otra tecnolog\u00eda en los dispositivos que usa para acceder a nuestra p\u00e1gina web.<\/li><li>Datos de perfil: nombre de usuario y contrase\u00f1a, comentarios y respuestas a encuestas.<\/li><li>Datos de uso: informaci\u00f3n sobre como usa nuestra web y servicios.<\/li><li>Datos de marketing y comunicaciones: preferencias para recibir comunicaciones de marketing por nuestra parte y medio preferente de comunicaci\u00f3n.<\/li><\/ul><p>En caso de que se te solicitemos recopilar datos personales, por ley o seg\u00fan los t\u00e9rminos de contrataci\u00f3n entre nosotros, y te niegues a facilit\u00e1rnoslos, es posible que no podamos realizar dicho contrato o prestar el servicio, debiendo comunic\u00e1rnoslo con antelaci\u00f3n.<\/p><p><strong>3.- \u00bfC\u00f3mo recopilamos sus datos personales?<\/strong><\/p><p>Los medios que usamos para recopilar datos personales son:<\/p><ul><li><strong>A trav\u00e9s del formulario de nuestra p\u00e1gina web cuando:<\/strong><ul><li>Formulario de contacto<\/li><\/ul><ul><li>Solicita informaci\u00f3n de nuestros productos<\/li><\/ul><ul><li>Env\u00eda sus comentarios<\/li><\/ul><\/li><li><strong>A trav\u00e9s de la tecnolog\u00eda o interacciones automatizadas<\/strong>: en nuestro sitio podemos recopilar autom\u00e1ticamente datos t\u00e9cnicos sobre tu equipo, acciones de navegaci\u00f3n y patrones de uso. Estos datos son recopilados a trav\u00e9s de cookies o tecnolog\u00edas similares. Si quieres ampliar la informaci\u00f3n, puedes consultar nuestra pol\u00edtica de cookies.<\/li><li><strong>\u00a0A trav\u00e9s de terceros:<\/strong><ul><li><strong>Google:\u00a0<\/strong>datos anal\u00edticos o datos de b\u00fasqueda. Fuera de la Uni\u00f3n Europea.<\/li><\/ul><ul><li><strong>Redes Sociales: (Facebook, Instagram, Twitter, Linkedin\u2026)\u00a0<\/strong>fuera de la Uni\u00f3n Europea.<\/li><\/ul><\/li><\/ul><p><strong>4.- Finalidad y legitimidad para el uso de sus datos.<\/strong><\/p><p>Los usos m\u00e1s comunes de tus datos personales son:<\/p><ul><li>Cuando prestes tu consentimiento en el tratamiento de tus datos<\/li><li>Cuando los necesitemos para dar cumplimiento a una obligaci\u00f3n legal.<\/li><li>Cuando sea necesario para nuestro inter\u00e9s leg\u00edtimo o de un tercero.<\/li><\/ul><p>Podr\u00e1s revocar el consentimiento prestado en cualquier momento enviando un correo a\u00a0info@torobet.es\u00a0o consultando el apartado de ejercicio de derechos m\u00e1s adelante.<\/p><p>A continuaci\u00f3n adjuntamos una tabla en la que puedes consultar las formas en las que vamos a utilizar tus datos personales y la legitimidad para su uso, adem\u00e1s de saber qu\u00e9 tipo de datos personales vamos a tratar. Podemos procesar alg\u00fan dato personal por alg\u00fan motivo legal adicional, por lo que si necesitas detalles al respecto, puede enviar un correo electr\u00f3nico a\u00a0info@torobet.es<\/p><figure class=\"wp-block-table is-style-regular\"><table><tbody><tr><td><strong>FINALIDAD<\/strong><\/td><td><strong>DATOS<\/strong><\/td><td><strong>LEGITIMIDAD<\/strong><\/td><\/tr><tr><td>Para solicitar informaci\u00f3n a trav\u00e9s del formulario de contacto<\/td><td>Nombre Apellidos Email<\/td><td>Consentimiento del interesado<\/td><\/tr><tr><td>Para realizar comunicaciones comerciales<\/td><td>Nombre Apellidos Email<\/td><td>Consentimiento del interesado<\/td><\/tr><tr><td>Para administrar y proteger nuestro negocio y nuestra p\u00e1gina web<\/td><td>Datos t\u00e9cnicos Nombre Apellidos Email<\/td><td>Inter\u00e9s leg\u00edtimo<\/td><\/tr><tr><td>\u00a0<\/td><td>\u00a0<\/td><td>Formaci\u00f3n del Contrato<\/td><\/tr><\/tbody><\/table><\/figure><p><strong>Comunicaciones comerciales<\/strong>: solo recibir\u00e1s comunicaciones si<\/p><ul><li>Nos solicitaste informaci\u00f3n.<\/li><li>Si nos proporcionaste tus datos, aceptando la casilla habilitada al respecto en nuestro formulario de contacto.<\/li><li>Siempre y cuando no hayas manifestado tu voluntad de dejar de recibir dichas comunicaciones.<\/li><\/ul><p>Obtenemos tu consentimiento expreso antes de mandarte cualquier comunicaci\u00f3n, pudiendo solicitar en cualquier momento que dejemos de mandarte comunicaciones en el email info@torobet.es.<\/p><p>Cuando optes por dejar de recibir nuestras comunicaciones, tus datos personales seguir\u00e1n almacenados como resultado de la contrataci\u00f3n realizada por ti para ajustarnos a las exigencias legales.<\/p><p><strong>Finalidad<\/strong>: s\u00f3lo utilizaremos tus datos para los fines para los que los recopilamos, a menos que consideremos razonablemente que debemos usarlo para otro motivo, notific\u00e1ndotelo previamente para que est\u00e9s informado del motivo legal de su procesamiento y siempre y cuando el fin sea compatible con el prop\u00f3sito original.<\/p><p><strong>Plazo de conservaci\u00f3n<\/strong>: Se conservar\u00e1n durante el tiempo necesario para cumplir con la finalidad para la que se recabaron y para determinar las posibles responsabilidades que se pudieran derivar de dicha finalidad y del tratamiento de los datos. Ser\u00e1 de aplicaci\u00f3n lo dispuesto en la normativa de archivos y documentaci\u00f3n.<\/p><p><strong>5.- Tus Derechos en Protecci\u00f3n de Datos<\/strong><\/p><p><strong>\u00bfC\u00f3mo ejercer dichos derechos?<\/strong> Podr\u00e1s dirigir una comunicaci\u00f3n al domicilio social de <strong>Torobet<\/strong> o direcci\u00f3n de correo electr\u00f3nico info@torobet.es, incluyendo en ambos casos fotocopia de tu D.N.I u otro documento de identificaci\u00f3n similar, para solicitar el ejercicio de los siguientes derechos:<\/p><ul><li><strong><u>Acceso<\/u><\/strong> a tus datos personales: podr\u00e1s preguntar a <strong>Torobet<\/strong> si est\u00e1 usando tus datos personales.<\/li><li>A solicitar su\u00a0<strong><u>rectificaci\u00f3n<\/u><\/strong>, si no fuesen correctos, o a ejercer el\u00a0<strong><u>derecho al olvido<\/u><\/strong>\u00a0con respecto a los mismos.<\/li><li>A solicitar la\u00a0<strong><u>limitaci\u00f3n del tratamiento<\/u><\/strong>, en este caso, solo ser\u00e1n conservados por <strong>Torobet <\/strong>para el ejercicio o defensa de reclamaciones<\/li><li>A\u00a0<strong><u>oponerse<\/u><\/strong> a su tratamiento: <strong>Torobet <\/strong>dejar\u00e1 tratar los datos en la forma que nos indiques, salvo que por motivos leg\u00edtimos o para el ejercicio o defensa de posibles reclamaciones, estos deban seguir trat\u00e1ndose.<\/li><li>A la\u00a0<strong><u>portabilidad\u00a0<\/u><\/strong>de los datos: en caso de que quieras que tus datos sean tratados por otra firma <strong>Torobet<\/strong>, le facilitar\u00e1 la portabilidad de tus datos al nuevo responsable.<\/li><\/ul><p>Reclamar ante la AEPD: si consideras que hay un problema con la forma en que <strong>Torobet<\/strong> est\u00e1 tratando tus datos, puedes dirigir tus reclamaciones al correo electr\u00f3nico info@torobet.es, o a la autoridad de control correspondiente, siendo en Espa\u00f1a la competente para ello, <a href=\"https:\/\/sedeagpd.gob.es\/sede-electronica-web\/\">Agencia Espa\u00f1ola de Protecci\u00f3n de Datos<\/a>.<\/p><p>Es posible que tengamos que solicitarte informaci\u00f3n espec\u00edfica para ayudarnos a confirmar tu identidad y garantizar tu derecho a acceder a tus datos personales (o ejercer cualquier otro de los derechos mencionados anteriormente). Esto es una medida de seguridad para garantizar que los datos personales no se revelen a ninguna persona que no tenga derecho a recibirlos.<\/p><p>Todas las solicitudes las solventamos en el plazo legal indicado 1 mes. No obstante, puede llevarnos m\u00e1s de un mes si tu solicitud es particularmente compleja, o si ya has realizado una serie de actuaciones previamente. En este caso, te notificaremos y te mantendremos actualizado.<\/p><p><strong>6.- Cesi\u00f3n de datos personales<\/strong><\/p><p>Es posible que, en el desempe\u00f1o de nuestro trabajo, debamos ceder tus datos a terceros, que solo trataran los datos para prestar el servicio contratado, y con los que disponemos de las correspondientes medidas para garantizar sus derechos:<\/p><ul><li>Proveedores de servicios que brindan servicios de administraci\u00f3n de sistemas y tecnolog\u00eda de la informaci\u00f3n.<\/li><li>Asesores profesionales que incluyen abogados, auditores y aseguradores que brindan servicios de consultor\u00eda bancarios, legales, de seguros y de contabilidad.<\/li><\/ul><p>Todas estas cesiones te ser\u00e1n previamente comunicadas y te manifestamos que requerimos a todos los encargados de tratamiento a quienes transferimos tus datos personales que respeten la seguridad de tus datos personales y los traten de acuerdo al RGPD. Solo permitimos que dichos encargados traten tus datos para fines determinados y de conformidad con nuestras instrucciones. No obstante puede solicitarnos, en cumplimiento de la transparencia un listado de quienes son estas empresas que nos prestan servicios, puede hacerlo al email:info@torobet.es<\/p><p><strong>7.- Seguridad de Datos<\/strong><\/p><p>Hemos implementado las medidas de seguridad adecuadas para evitar que tus datos personales se pierdan accidentalmente, se usen o accedan de forma no autorizada, se modifiquen o divulguen. Adem\u00e1s, limitamos el acceso a tus datos personales a aquellos empleados, agentes contratistas y otros terceros que tengan una necesidad comercial de conocer dichos datos. Solo procesar\u00e1n tus datos personales seg\u00fan nuestras instrucciones y estar\u00e1n sujetos al deber de confidencialidad.<\/p><p>Hemos implementado procedimientos para tratar cualquier sospecha de violaci\u00f3n de tus datos personales y te lo notificaremos y a la Autoridad de Control en caso de que ocurriera, tal como queda regulado en el RGPD en sus art\u00edculos 33 y 34, una brecha de seguridad.<\/p>\t\t\t\t\t\t\t\t<\/div>\n\t\t\t\t<\/div>\n\t\t\t\t\t<\/div>\n\t\t<\/div>\n\t\t\t\t\t<\/div>\n\t\t<\/section>\n\t\t\t\t<\/div>\n\t\t","protected":false},"excerpt":{"rendered":"<p>Este texto legal te da detalles de c\u00f3mo recopilamos y procesamos tus datos personales a trav\u00e9s del uso de nuestro sitio web\u00a0https:\/\/www.torobetes.es\/, incluyendo cualquier informaci\u00f3n que puedas proporcionarnos a trav\u00e9s del sitio cuando realizas la contrataci\u00f3n de un servicio, te registras a nuestro bolet\u00edn informativo o proporcionas tus datos de contacto a trav\u00e9s del formulario [&hellip;]<\/p>\n","protected":false},"author":1,"featured_media":0,"parent":0,"menu_order":0,"comment_status":"closed","ping_status":"closed","template":"","meta":{"_exactmetrics_skip_tracking":false,"_exactmetrics_sitenote_active":false,"_exactmetrics_sitenote_note":"","_exactmetrics_sitenote_category":0,"site-sidebar-layout":"no-sidebar","site-content-layout":"page-builder","ast-site-content-layout":"default","site-content-style":"default","site-sidebar-style":"default","ast-global-header-display":"","ast-banner-title-visibility":"","ast-main-header-display":"","ast-hfb-above-header-display":"","ast-hfb-below-header-display":"","ast-hfb-mobile-header-display":"","site-post-title":"disabled","ast-breadcrumbs-content":"","ast-featured-img":"disabled","footer-sml-layout":"","ast-disable-related-posts":"","theme-transparent-header-meta":"","adv-header-id-meta":"","stick-header-meta":"","header-above-stick-meta":"","header-main-stick-meta":"","header-below-stick-meta":"","astra-migrate-meta-layouts":"default","ast-page-background-enabled":"default","ast-page-background-meta":{"desktop":{"background-color":"","background-image":"","background-repeat":"repeat","background-position":"center center","background-size":"auto","background-attachment":"scroll","background-type":"","background-media":"","overlay-type":"","overlay-color":"","overlay-opacity":"","overlay-gradient":""},"tablet":{"background-color":"","background-image":"","background-repeat":"repeat","background-position":"center center","background-size":"auto","background-attachment":"scroll","background-type":"","background-media":"","overlay-type":"","overlay-color":"","overlay-opacity":"","overlay-gradient":""},"mobile":{"background-color":"","background-image":"","background-repeat":"repeat","background-position":"center center","background-size":"auto","background-attachment":"scroll","background-type":"","background-media":"","overlay-type":"","overlay-color":"","overlay-opacity":"","overlay-gradient":""}},"ast-content-background-meta":{"desktop":{"background-color":"var(--ast-global-color-5)","background-image":"","background-repeat":"repeat","background-position":"center center","background-size":"auto","background-attachment":"scroll","background-type":"","background-media":"","overlay-type":"","overlay-color":"","overlay-opacity":"","overlay-gradient":""},"tablet":{"background-color":"var(--ast-global-color-5)","background-image":"","background-repeat":"repeat","background-position":"center center","background-size":"auto","background-attachment":"scroll","background-type":"","background-media":"","overlay-type":"","overlay-color":"","overlay-opacity":"","overlay-gradient":""},"mobile":{"background-color":"var(--ast-global-color-5)","background-image":"","background-repeat":"repeat","background-position":"center center","background-size":"auto","background-attachment":"scroll","background-type":"","background-media":"","overlay-type":"","overlay-color":"","overlay-opacity":"","overlay-gradient":""}},"footnotes":""},"class_list":["post-1136","page","type-page","status-publish","hentry"],"yoast_head":"<!-- This site is optimized with the Yoast SEO plugin v27.2 - https:\/\/yoast.com\/product\/yoast-seo-wordpress\/ -->\n<title>Pol\u00edtica de privacidad - Torobet<\/title>\n<meta name=\"robots\" content=\"index, follow, max-snippet:-1, max-image-preview:large, max-video-preview:-1\" \/>\n<link rel=\"canonical\" href=\"https:\/\/www.torobet.es\/index.php\/terminos-y-condiciones\/\" \/>\n<meta property=\"og:locale\" content=\"es_ES\" \/>\n<meta property=\"og:type\" content=\"article\" \/>\n<meta property=\"og:title\" content=\"Pol\u00edtica de privacidad - Torobet\" \/>\n<meta property=\"og:description\" content=\"Este texto legal te da detalles de c\u00f3mo recopilamos y procesamos tus datos personales a trav\u00e9s del uso de nuestro sitio web\u00a0https:\/\/www.torobetes.es\/, incluyendo cualquier informaci\u00f3n que puedas proporcionarnos a trav\u00e9s del sitio cuando realizas la contrataci\u00f3n de un servicio, te registras a nuestro bolet\u00edn informativo o proporcionas tus datos de contacto a trav\u00e9s del formulario [&hellip;]\" \/>\n<meta property=\"og:url\" content=\"https:\/\/www.torobet.es\/index.php\/terminos-y-condiciones\/\" \/>\n<meta property=\"og:site_name\" content=\"Torobet\" \/>\n<meta property=\"article:publisher\" content=\"https:\/\/www.facebook.com\/profile.php?id=100057502507153\" \/>\n<meta property=\"article:modified_time\" content=\"2022-07-27T12:22:19+00:00\" \/>\n<meta property=\"og:image\" content=\"https:\/\/www.torobet.es\/wp-content\/uploads\/2022\/07\/LOGO-TOROBET.webp\" \/>\n\t<meta property=\"og:image:width\" content=\"182\" \/>\n\t<meta property=\"og:image:height\" content=\"182\" \/>\n\t<meta property=\"og:image:type\" content=\"image\/webp\" \/>\n<meta name=\"twitter:card\" content=\"summary_large_image\" \/>\n<meta name=\"twitter:label1\" content=\"Tiempo de lectura\" \/>\n\t<meta name=\"twitter:data1\" content=\"7 minutos\" \/>\n<script type=\"application\/ld+json\" class=\"yoast-schema-graph\">{\"@context\":\"https:\/\/schema.org\",\"@graph\":[{\"@type\":\"WebPage\",\"@id\":\"https:\/\/www.torobet.es\/index.php\/terminos-y-condiciones\/\",\"url\":\"https:\/\/www.torobet.es\/index.php\/terminos-y-condiciones\/\",\"name\":\"Pol\u00edtica de privacidad - Torobet\",\"isPartOf\":{\"@id\":\"https:\/\/www.torobet.es\/#website\"},\"datePublished\":\"2022-07-22T10:04:05+00:00\",\"dateModified\":\"2022-07-27T12:22:19+00:00\",\"breadcrumb\":{\"@id\":\"https:\/\/www.torobet.es\/index.php\/terminos-y-condiciones\/#breadcrumb\"},\"inLanguage\":\"es\",\"potentialAction\":[{\"@type\":\"ReadAction\",\"target\":[\"https:\/\/www.torobet.es\/index.php\/terminos-y-condiciones\/\"]}]},{\"@type\":\"BreadcrumbList\",\"@id\":\"https:\/\/www.torobet.es\/index.php\/terminos-y-condiciones\/#breadcrumb\",\"itemListElement\":[{\"@type\":\"ListItem\",\"position\":1,\"name\":\"Portada\",\"item\":\"https:\/\/www.torobet.es\/\"},{\"@type\":\"ListItem\",\"position\":2,\"name\":\"Pol\u00edtica de privacidad\"}]},{\"@type\":\"WebSite\",\"@id\":\"https:\/\/www.torobet.es\/#website\",\"url\":\"https:\/\/www.torobet.es\/\",\"name\":\"Torobet\",\"description\":\"El \u00daNICO camino para GANAR a las casas de apuestas deportivas es convertirse en un PROFESIONAL.\",\"publisher\":{\"@id\":\"https:\/\/www.torobet.es\/#organization\"},\"potentialAction\":[{\"@type\":\"SearchAction\",\"target\":{\"@type\":\"EntryPoint\",\"urlTemplate\":\"https:\/\/www.torobet.es\/?s={search_term_string}\"},\"query-input\":{\"@type\":\"PropertyValueSpecification\",\"valueRequired\":true,\"valueName\":\"search_term_string\"}}],\"inLanguage\":\"es\"},{\"@type\":\"Organization\",\"@id\":\"https:\/\/www.torobet.es\/#organization\",\"name\":\"Torobet\",\"url\":\"https:\/\/www.torobet.es\/\",\"logo\":{\"@type\":\"ImageObject\",\"inLanguage\":\"es\",\"@id\":\"https:\/\/www.torobet.es\/#\/schema\/logo\/image\/\",\"url\":\"https:\/\/www.torobet.es\/wp-content\/uploads\/2022\/07\/LOGO-TOROBET.webp\",\"contentUrl\":\"https:\/\/www.torobet.es\/wp-content\/uploads\/2022\/07\/LOGO-TOROBET.webp\",\"width\":182,\"height\":182,\"caption\":\"Torobet\"},\"image\":{\"@id\":\"https:\/\/www.torobet.es\/#\/schema\/logo\/image\/\"},\"sameAs\":[\"https:\/\/www.facebook.com\/profile.php?id=100057502507153\",\"https:\/\/www.instagram.com\/comountorobet\/?igshid=YmMyMTA2M2Y\",\"https:\/\/www.youtube.com\/c\/TOROBET\"]}]}<\/script>\n<!-- \/ Yoast SEO plugin. -->","yoast_head_json":{"title":"Pol\u00edtica de privacidad - Torobet","robots":{"index":"index","follow":"follow","max-snippet":"max-snippet:-1","max-image-preview":"max-image-preview:large","max-video-preview":"max-video-preview:-1"},"canonical":"https:\/\/www.torobet.es\/index.php\/terminos-y-condiciones\/","og_locale":"es_ES","og_type":"article","og_title":"Pol\u00edtica de privacidad - Torobet","og_description":"Este texto legal te da detalles de c\u00f3mo recopilamos y procesamos tus datos personales a trav\u00e9s del uso de nuestro sitio web\u00a0https:\/\/www.torobetes.es\/, incluyendo cualquier informaci\u00f3n que puedas proporcionarnos a trav\u00e9s del sitio cuando realizas la contrataci\u00f3n de un servicio, te registras a nuestro bolet\u00edn informativo o proporcionas tus datos de contacto a trav\u00e9s del formulario [&hellip;]","og_url":"https:\/\/www.torobet.es\/index.php\/terminos-y-condiciones\/","og_site_name":"Torobet","article_publisher":"https:\/\/www.facebook.com\/profile.php?id=100057502507153","article_modified_time":"2022-07-27T12:22:19+00:00","og_image":[{"width":182,"height":182,"url":"https:\/\/www.torobet.es\/wp-content\/uploads\/2022\/07\/LOGO-TOROBET.webp","type":"image\/webp"}],"twitter_card":"summary_large_image","twitter_misc":{"Tiempo de lectura":"7 minutos"},"schema":{"@context":"https:\/\/schema.org","@graph":[{"@type":"WebPage","@id":"https:\/\/www.torobet.es\/index.php\/terminos-y-condiciones\/","url":"https:\/\/www.torobet.es\/index.php\/terminos-y-condiciones\/","name":"Pol\u00edtica de privacidad - Torobet","isPartOf":{"@id":"https:\/\/www.torobet.es\/#website"},"datePublished":"2022-07-22T10:04:05+00:00","dateModified":"2022-07-27T12:22:19+00:00","breadcrumb":{"@id":"https:\/\/www.torobet.es\/index.php\/terminos-y-condiciones\/#breadcrumb"},"inLanguage":"es","potentialAction":[{"@type":"ReadAction","target":["https:\/\/www.torobet.es\/index.php\/terminos-y-condiciones\/"]}]},{"@type":"BreadcrumbList","@id":"https:\/\/www.torobet.es\/index.php\/terminos-y-condiciones\/#breadcrumb","itemListElement":[{"@type":"ListItem","position":1,"name":"Portada","item":"https:\/\/www.torobet.es\/"},{"@type":"ListItem","position":2,"name":"Pol\u00edtica de privacidad"}]},{"@type":"WebSite","@id":"https:\/\/www.torobet.es\/#website","url":"https:\/\/www.torobet.es\/","name":"Torobet","description":"El \u00daNICO camino para GANAR a las casas de apuestas deportivas es convertirse en un PROFESIONAL.","publisher":{"@id":"https:\/\/www.torobet.es\/#organization"},"potentialAction":[{"@type":"SearchAction","target":{"@type":"EntryPoint","urlTemplate":"https:\/\/www.torobet.es\/?s={search_term_string}"},"query-input":{"@type":"PropertyValueSpecification","valueRequired":true,"valueName":"search_term_string"}}],"inLanguage":"es"},{"@type":"Organization","@id":"https:\/\/www.torobet.es\/#organization","name":"Torobet","url":"https:\/\/www.torobet.es\/","logo":{"@type":"ImageObject","inLanguage":"es","@id":"https:\/\/www.torobet.es\/#\/schema\/logo\/image\/","url":"https:\/\/www.torobet.es\/wp-content\/uploads\/2022\/07\/LOGO-TOROBET.webp","contentUrl":"https:\/\/www.torobet.es\/wp-content\/uploads\/2022\/07\/LOGO-TOROBET.webp","width":182,"height":182,"caption":"Torobet"},"image":{"@id":"https:\/\/www.torobet.es\/#\/schema\/logo\/image\/"},"sameAs":["https:\/\/www.facebook.com\/profile.php?id=100057502507153","https:\/\/www.instagram.com\/comountorobet\/?igshid=YmMyMTA2M2Y","https:\/\/www.youtube.com\/c\/TOROBET"]}]}},"_links":{"self":[{"href":"https:\/\/www.torobet.es\/index.php\/wp-json\/wp\/v2\/pages\/1136","targetHints":{"allow":["GET"]}}],"collection":[{"href":"https:\/\/www.torobet.es\/index.php\/wp-json\/wp\/v2\/pages"}],"about":[{"href":"https:\/\/www.torobet.es\/index.php\/wp-json\/wp\/v2\/types\/page"}],"author":[{"embeddable":true,"href":"https:\/\/www.torobet.es\/index.php\/wp-json\/wp\/v2\/users\/1"}],"replies":[{"embeddable":true,"href":"https:\/\/www.torobet.es\/index.php\/wp-json\/wp\/v2\/comments?post=1136"}],"version-history":[{"count":37,"href":"https:\/\/www.torobet.es\/index.php\/wp-json\/wp\/v2\/pages\/1136\/revisions"}],"predecessor-version":[{"id":1700,"href":"https:\/\/www.torobet.es\/index.php\/wp-json\/wp\/v2\/pages\/1136\/revisions\/1700"}],"wp:attachment":[{"href":"https:\/\/www.torobet.es\/index.php\/wp-json\/wp\/v2\/media?parent=1136"}],"curies":[{"name":"wp","href":"https:\/\/api.w.org\/{rel}","templated":true}]}}